{"id":5,"date":"2014-11-25T16:16:43","date_gmt":"2014-11-25T16:16:43","guid":{"rendered":"http:\/\/lemore.kreativa-italia.com\/index.php\/home\/"},"modified":"2021-04-07T12:46:13","modified_gmt":"2021-04-07T12:46:13","slug":"home","status":"publish","type":"page","link":"https:\/\/lemorebianche.com\/","title":{"rendered":"Home"},"content":{"rendered":"<p>[vc_row padding_top=&#8221;130&#8243; margin_bottom=&#8221;200&#8243; section_id=&#8221;about&#8221;][vc_column width=&#8221;1\/3&#8243; css=&#8221;.vc_custom_1416936142750{border-right-width: 1px !important;padding-right: 3% !important;border-right-color: #e4e4e4 !important;border-right-style: solid !important;}&#8221;]<div class=\"grve-element grve-slogan grve-align-left\" style=\"\"><div class=\"grve-subtitle\">Come lavoriamo<\/div><h4 class=\"grve-slogan-title grve-align-left grve-title-no-line\"><span>Il vino si fa in vigna!<\/span><\/h4>  <p class=\"\">Proprio cos\u00ec, in cantina possiamo solo trasformare al meglio quello che durante l\u2019annata la vite ha accumulato nei grappoli. Nella mia cantina tutte le fermentazioni vengono gestite con macerazione a cappello sommerso. Non mi va di forzare l\u2019estrazione e lascio che sia l\u2019alcool ed il tempo ad estrarre dalle parti solide dell\u2019acino ci\u00f2 che serve al vino per diventare buono.<\/p><\/div>[\/vc_column][vc_column width=&#8221;1\/3&#8243; css=&#8221;.vc_custom_1416936414774{border-right-width: 1px !important;padding-right: 3% !important;padding-left: 3% !important;border-right-color: #e4e4e4 !important;border-right-style: solid !important;}&#8221;]<div class=\"grve-element grve-slogan grve-align-left\" style=\"\"><div class=\"grve-subtitle\">Chi siamo<\/div><h4 class=\"grve-slogan-title grve-align-left grve-title-no-line\"><span>Il gelso secolare<\/span><\/h4>  <p class=\"\">Il cortile di casa \u00e8 ombreggiato da un enorme gelso secolare che controlla tutte le mie vigne. Da questa pianta, che mi ha sempre donato ispirazione e tranquillit\u00e0, nasce il logo e il nome aziendale. Tra la fine di maggio e la fine di giugno se passate a trovarmi potete assaggiare le more bianche, che sono il frutto di questa pianta.<\/p><\/div>[\/vc_column][vc_column width=&#8221;1\/3&#8243; css=&#8221;.vc_custom_1416936158860{padding-left: 3% !important;}&#8221;]<div class=\"grve-element grve-slogan grve-align-left\" style=\"\"><div class=\"grve-subtitle\">proteggere il gusto<\/div><h4 class=\"grve-slogan-title grve-align-left grve-title-no-line\"><span>Gli obiettivi<\/span><\/h4>  <p class=\"\">Nel 2013 ho avuto la fortuna di diventare padre ed ho iniziato a vedere tutto con occhi diversi. La voglia di protezione nei confronti di mia figlia mi ha portato a decidere di gestire la vigna come una volta: con rame e zolfo. basta con la chimica e i prodotti di sintesi.<\/p><\/div>[\/vc_column][\/vc_row][vc_row heading_color=&#8221;light&#8221; bg_type=&#8221;image&#8221; bg_image=&#8221;171&#8243; bg_image_type=&#8221;fixed-bg&#8221; padding_top=&#8221;200&#8243; padding_bottom=&#8221;200&#8243; margin_bottom=&#8221;0&#8243; font_color=&#8221;#ffffff&#8221;][vc_column width=&#8221;1\/2&#8243;][vc_column_text text_style=&#8221;leader-text&#8221; animation=&#8221;fadeInLeft&#8221; animation_delay=&#8221;300&#8243;]<\/p>\n<h1>CHI SIAMO<\/h1>\n<p>Sono Alessandro Bovio contadino ed enologo.\u00a0 Dopo\u00a0 15 anni di esperienza come consulente per cantine nel 2015 ho deciso di aprire una mia piccola azienda dove poter fare il vino come piace a me.[\/vc_column_text][\/vc_column][vc_column width=&#8221;1\/2&#8243;][\/vc_column][\/vc_row][vc_row section_type=&#8221;fullwidth-element&#8221; bg_type=&#8221;color&#8221; padding_top=&#8221;120&#8243; padding_bottom=&#8221;120&#8243; margin_bottom=&#8221;0&#8243; section_id=&#8221;work&#8221;][vc_column css=&#8221;.vc_custom_1417022018321{padding-right: 20% !important;padding-left: 20% !important;}&#8221;]<div class=\"grve-element grve-partner-advanced grve-align-center \"><img loading=\"lazy\" decoding=\"async\" width=\"400\" height=\"271\" src=\"https:\/\/lemorebianche.com\/wp-content\/uploads\/2021\/03\/LOGO-LE-MORE-BIANCHEwhite-piccola.png\" class=\"attachment-full size-full grve-partner-logo\" alt=\"\" srcset=\"https:\/\/lemorebianche.com\/wp-content\/uploads\/2021\/03\/LOGO-LE-MORE-BIANCHEwhite-piccola.png 400w, https:\/\/lemorebianche.com\/wp-content\/uploads\/2021\/03\/LOGO-LE-MORE-BIANCHEwhite-piccola-300x203.png 300w\" sizes=\"auto, (max-width: 400px) 100vw, 400px\" \/>  <div class=\"grve-partner-content\">    <p class=\"grve-leader-text\">Durante la degustazione di un vino bisogna riconoscere diverse cose: il vitigno, il territorio di provenienza con le influenze climatiche dell\u2019annata, la mano del produttore.<br \/>\nFare il vino \u00e8 facile ma rispettare questi 3 punti non \u00e8 sempre cos\u00ec scontato.<\/p><a class=\"grve-btn grve-btn-large grve-square grve-bg-primary-1\" href=\"#\" target=\"_self\" style=\"\"><span>Scopri di pi\u00f9<\/span><\/a>  <\/div><\/div>[\/vc_column][\/vc_row][vc_row section_type=&#8221;fullwidth-element&#8221; bg_type=&#8221;color&#8221; padding_top=&#8221;120&#8243; padding_bottom=&#8221;100&#8243; margin_bottom=&#8221;0&#8243; section_id=&#8221;services&#8221;][vc_column][vc_column_text]<\/p>\n<h1 style=\"text-align: center;\">I NOSTRI VINI<\/h1>\n<p>[\/vc_column_text]\t\t\t<div class=\"grve-element grve-portfolio grve-isotope\" style=\"\" data-gutter=\"yes\" data-spinner=\"no\" data-type=\"3-columns\" data-layout=\"fitRows\">\r\n\t\t\r\n\t\t\t<div class=\"grve-isotope-container\">\r\n\t\t\t\t\t\t\t<article id=\"portfolio-203-69f29f0ade973\" class=\"grve-isotope-item grve-portfolio-item  post-203 portfolio type-portfolio status-publish has-post-thumbnail hentry\">\r\n\t\t\t\t\t\t\t\t\t\t\t\t\t\t\t\t\t\t<a href=\"https:\/\/lemorebianche.com\/index.php\/portfolio\/roero\/\">\r\n\t\t\t\t\t\t\t\t\t\t\t<figure class=\"grve-hover-style-1 grve-image-hover grve-zoom-in grve-dark\">\r\n\t\t\t\t\t\t\t\t\t\t\t\t\t\t\t\t<div class=\"grve-media grve-dark-overlay grve-opacity-60\">\r\n\t\t\t\t\t\t\t\t\t<img loading=\"lazy\" decoding=\"async\" width=\"785\" height=\"1024\" src=\"https:\/\/lemorebianche.com\/wp-content\/uploads\/2021\/03\/roero-785x1024.jpg\" class=\"attachment-large size-large\" alt=\"\" srcset=\"https:\/\/lemorebianche.com\/wp-content\/uploads\/2021\/03\/roero-785x1024.jpg 785w, https:\/\/lemorebianche.com\/wp-content\/uploads\/2021\/03\/roero-230x300.jpg 230w, https:\/\/lemorebianche.com\/wp-content\/uploads\/2021\/03\/roero-768x1002.jpg 768w, https:\/\/lemorebianche.com\/wp-content\/uploads\/2021\/03\/roero-1178x1536.jpg 1178w, https:\/\/lemorebianche.com\/wp-content\/uploads\/2021\/03\/roero.jpg 1380w\" sizes=\"auto, (max-width: 785px) 100vw, 785px\" \/>\t\t\t\t\t\t\t\t<\/div>\r\n\t\t\t\t\t\t\t\t<figcaption>\r\n\t\t\t\t\t\t\t\t\t\t\t\t\t\t\t\t\t\t<h6 class=\"grve-title grve-dark\">Roero<\/h6>\r\n\t\t\t\t\t\t\t\t\t\t\t\t\t\t\t\t\t\t\t\t\t\t\t\t\t\t\t\t\t\t\t\t\t\t\t\t<span class=\"grve-portfolio-btns\">Pi\u00f9 dettagli<\/span>\r\n\t\t\t\t\t\t\t\t\t\t\t\t\t\t\t\t\t<\/figcaption>\r\n\t\t\t\t\t\t\t<\/figure>\r\n\t\t\t\t\t\t\t<\/a>\t\t\t\t\t\t\t\t\t\t\t\t\t\r\n\t\t\t\t\t<\/article>\r\n\t\t\t\t\t<article id=\"portfolio-201-69f29f0adedaa\" class=\"grve-isotope-item grve-portfolio-item  post-201 portfolio type-portfolio status-publish has-post-thumbnail hentry\">\r\n\t\t\t\t\t\t\t\t\t\t\t\t\t\t\t\t\t\t<a href=\"https:\/\/lemorebianche.com\/index.php\/portfolio\/barbera-dalba-superiore\/\">\r\n\t\t\t\t\t\t\t\t\t\t\t<figure class=\"grve-hover-style-1 grve-image-hover grve-zoom-in grve-dark\">\r\n\t\t\t\t\t\t\t\t\t\t\t\t\t\t\t\t<div class=\"grve-media grve-dark-overlay grve-opacity-60\">\r\n\t\t\t\t\t\t\t\t\t<img loading=\"lazy\" decoding=\"async\" width=\"785\" height=\"1024\" src=\"https:\/\/lemorebianche.com\/wp-content\/uploads\/2021\/03\/barbera-dalba-superiore-785x1024.jpg\" class=\"attachment-large size-large\" alt=\"\" srcset=\"https:\/\/lemorebianche.com\/wp-content\/uploads\/2021\/03\/barbera-dalba-superiore-785x1024.jpg 785w, https:\/\/lemorebianche.com\/wp-content\/uploads\/2021\/03\/barbera-dalba-superiore-230x300.jpg 230w, https:\/\/lemorebianche.com\/wp-content\/uploads\/2021\/03\/barbera-dalba-superiore-768x1002.jpg 768w, https:\/\/lemorebianche.com\/wp-content\/uploads\/2021\/03\/barbera-dalba-superiore-1178x1536.jpg 1178w, https:\/\/lemorebianche.com\/wp-content\/uploads\/2021\/03\/barbera-dalba-superiore.jpg 1380w\" sizes=\"auto, (max-width: 785px) 100vw, 785px\" \/>\t\t\t\t\t\t\t\t<\/div>\r\n\t\t\t\t\t\t\t\t<figcaption>\r\n\t\t\t\t\t\t\t\t\t\t\t\t\t\t\t\t\t\t<h6 class=\"grve-title grve-dark\">Barbera d&#8217;Alba Superiore<\/h6>\r\n\t\t\t\t\t\t\t\t\t\t\t\t\t\t\t\t\t\t\t\t\t\t\t\t\t\t\t\t\t\t\t\t\t\t\t\t<span class=\"grve-portfolio-btns\">Pi\u00f9 dettagli<\/span>\r\n\t\t\t\t\t\t\t\t\t\t\t\t\t\t\t\t\t<\/figcaption>\r\n\t\t\t\t\t\t\t<\/figure>\r\n\t\t\t\t\t\t\t<\/a>\t\t\t\t\t\t\t\t\t\t\t\t\t\r\n\t\t\t\t\t<\/article>\r\n\t\t\t\t\t<article id=\"portfolio-199-69f29f0adf265\" class=\"grve-isotope-item grve-portfolio-item  post-199 portfolio type-portfolio status-publish has-post-thumbnail hentry\">\r\n\t\t\t\t\t\t\t\t\t\t\t\t\t\t\t\t\t\t<a href=\"https:\/\/lemorebianche.com\/index.php\/portfolio\/barbera-dalba\/\">\r\n\t\t\t\t\t\t\t\t\t\t\t<figure class=\"grve-hover-style-1 grve-image-hover grve-zoom-in grve-dark\">\r\n\t\t\t\t\t\t\t\t\t\t\t\t\t\t\t\t<div class=\"grve-media grve-dark-overlay grve-opacity-60\">\r\n\t\t\t\t\t\t\t\t\t<img loading=\"lazy\" decoding=\"async\" width=\"785\" height=\"1024\" src=\"https:\/\/lemorebianche.com\/wp-content\/uploads\/2021\/03\/barbera-dalba-785x1024.jpg\" class=\"attachment-large size-large\" alt=\"\" srcset=\"https:\/\/lemorebianche.com\/wp-content\/uploads\/2021\/03\/barbera-dalba-785x1024.jpg 785w, https:\/\/lemorebianche.com\/wp-content\/uploads\/2021\/03\/barbera-dalba-230x300.jpg 230w, https:\/\/lemorebianche.com\/wp-content\/uploads\/2021\/03\/barbera-dalba-768x1002.jpg 768w, https:\/\/lemorebianche.com\/wp-content\/uploads\/2021\/03\/barbera-dalba-1178x1536.jpg 1178w, https:\/\/lemorebianche.com\/wp-content\/uploads\/2021\/03\/barbera-dalba.jpg 1380w\" sizes=\"auto, (max-width: 785px) 100vw, 785px\" \/>\t\t\t\t\t\t\t\t<\/div>\r\n\t\t\t\t\t\t\t\t<figcaption>\r\n\t\t\t\t\t\t\t\t\t\t\t\t\t\t\t\t\t\t<h6 class=\"grve-title grve-dark\">Barbera d&#8217;Alba<\/h6>\r\n\t\t\t\t\t\t\t\t\t\t\t\t\t\t\t\t\t\t\t\t\t\t\t\t\t\t\t\t\t\t\t\t\t\t\t\t<span class=\"grve-portfolio-btns\">Pi\u00f9 dettagli<\/span>\r\n\t\t\t\t\t\t\t\t\t\t\t\t\t\t\t\t\t<\/figcaption>\r\n\t\t\t\t\t\t\t<\/figure>\r\n\t\t\t\t\t\t\t<\/a>\t\t\t\t\t\t\t\t\t\t\t\t\t\r\n\t\t\t\t\t<\/article>\r\n\t\t\t\t<\/div>\r\n\t\t\t<\/div>\r\n\r\n\t\t[\/vc_column][\/vc_row][vc_row section_type=&#8221;fullwidth-element&#8221; margin_bottom=&#8221;0&#8243; section_id=&#8221;contact&#8221;][vc_column width=&#8221;1\/2&#8243; css=&#8221;.vc_custom_1416064707116{padding-top: 90px !important;padding-right: 8% !important;padding-left: 8% !important;}&#8221;][vc_column_text]<\/p>\n<h3>TENIAMOCI IN CONTATTO<\/h3>\n<p>[\/vc_column_text]\n<div class=\"wpcf7 no-js\" id=\"wpcf7-f161-o1\" lang=\"it-IT\" dir=\"ltr\" data-wpcf7-id=\"161\">\n<div class=\"screen-reader-response\"><p role=\"status\" aria-live=\"polite\" aria-atomic=\"true\"><\/p> <ul><\/ul><\/div>\n<form action=\"\/index.php\/wp-json\/wp\/v2\/pages\/5#wpcf7-f161-o1\" method=\"post\" class=\"wpcf7-form init\" aria-label=\"Modulo di contatto\" novalidate=\"novalidate\" data-status=\"init\">\n<fieldset class=\"hidden-fields-container\"><input type=\"hidden\" name=\"_wpcf7\" value=\"161\" \/><input type=\"hidden\" name=\"_wpcf7_version\" value=\"6.1.5\" \/><input type=\"hidden\" name=\"_wpcf7_locale\" value=\"it_IT\" \/><input type=\"hidden\" name=\"_wpcf7_unit_tag\" value=\"wpcf7-f161-o1\" \/><input type=\"hidden\" name=\"_wpcf7_container_post\" value=\"0\" \/><input type=\"hidden\" name=\"_wpcf7_posted_data_hash\" value=\"\" \/><input type=\"hidden\" name=\"_wpcf7_recaptcha_response\" value=\"\" \/>\n<\/fieldset>\n<p><label> Il tuo Nome<br \/>\n<span class=\"wpcf7-form-control-wrap\" data-name=\"your-name\"><input size=\"40\" maxlength=\"400\" class=\"wpcf7-form-control wpcf7-text wpcf7-validates-as-required\" aria-required=\"true\" aria-invalid=\"false\" value=\"\" type=\"text\" name=\"your-name\" \/><\/span> <\/label>\n<\/p>\n<p><label> La tua Email<br \/>\n<span class=\"wpcf7-form-control-wrap\" data-name=\"your-email\"><input size=\"40\" maxlength=\"400\" class=\"wpcf7-form-control wpcf7-email wpcf7-validates-as-required wpcf7-text wpcf7-validates-as-email\" aria-required=\"true\" aria-invalid=\"false\" value=\"\" type=\"email\" name=\"your-email\" \/><\/span> <\/label>\n<\/p>\n<p><label> Oggetto<br \/>\n<span class=\"wpcf7-form-control-wrap\" data-name=\"your-subject\"><input size=\"40\" maxlength=\"400\" class=\"wpcf7-form-control wpcf7-text wpcf7-validates-as-required\" aria-required=\"true\" aria-invalid=\"false\" value=\"\" type=\"text\" name=\"your-subject\" \/><\/span> <\/label>\n<\/p>\n<p><label> Il tuo messaggio (optional)<br \/>\n<span class=\"wpcf7-form-control-wrap\" data-name=\"your-message\"><textarea cols=\"40\" rows=\"10\" maxlength=\"2000\" class=\"wpcf7-form-control wpcf7-textarea\" aria-invalid=\"false\" name=\"your-message\"><\/textarea><\/span> <\/label>\n<\/p>\n<p><input class=\"wpcf7-form-control wpcf7-submit has-spinner\" type=\"submit\" value=\"Invia\" \/><br \/>\n<span class=\"wpcf7-form-control-wrap recaptcha\" data-name=\"recaptcha\"><span data-sitekey=\"6LfZByIdAAAAALz7M5FdTmjrwQdAPo8ZjvgUTIvX\" class=\"wpcf7-form-control wpcf7-recaptcha g-recaptcha\"><\/span>\r\n<noscript>\r\n\t<div class=\"grecaptcha-noscript\">\r\n\t\t<iframe loading=\"lazy\" src=\"https:\/\/www.google.com\/recaptcha\/api\/fallback?k=6LfZByIdAAAAALz7M5FdTmjrwQdAPo8ZjvgUTIvX\" frameborder=\"0\" scrolling=\"no\" width=\"310\" height=\"430\">\r\n\t\t<\/iframe>\r\n\t\t<textarea name=\"g-recaptcha-response\" rows=\"3\" cols=\"40\" placeholder=\"reCaptcha Response Here\">\r\n\t\t<\/textarea>\r\n\t<\/div>\r\n<\/noscript>\r\n<\/span>\n<\/p><div class=\"wpcf7-response-output\" aria-hidden=\"true\"><\/div>\n<\/form>\n<\/div>\n[\/vc_column][vc_column width=&#8221;1\/2&#8243; css=&#8221;.vc_custom_1417020216849{padding-left: 0px !important;}&#8221;][vc_empty_space height=&#8221;250px&#8221;][vc_raw_html]JTNDZGl2JTIwY2xhc3MlM0QlMjJtYXBvdXRlciUyMiUzRSUzQ2RpdiUyMGNsYXNzJTNEJTIyZ21hcF9jYW52YXMlMjIlM0UlM0NpZnJhbWUlMjB3aWR0aCUzRCUyMjEwMCUyNSUyMiUyMGhlaWdodCUzRCUyMjEwMCUyNSUyMiUyMGlkJTNEJTIyZ21hcF9jYW52YXMlMjIlMjBzcmMlM0QlMjJodHRwcyUzQSUyRiUyRm1hcHMuZ29vZ2xlLmNvbSUyRm1hcHMlM0ZxJTNETGUlMjBtb3JlJTIwYmlhbmNoZSUyNnQlM0QlMjZ6JTNEMTclMjZpZSUzRFVURjglMjZpd2xvYyUzRCUyNm91dHB1dCUzRGVtYmVkJTIyJTIwZnJhbWVib3JkZXIlM0QlMjIwJTIyJTIwc2Nyb2xsaW5nJTNEJTIybm8lMjIlMjBtYXJnaW5oZWlnaHQlM0QlMjIwJTIyJTIwbWFyZ2lud2lkdGglM0QlMjIwJTIyJTNFJTNDJTJGaWZyYW1lJTNFJTNDYSUyMGhyZWYlM0QlMjJodHRwcyUzQSUyRiUyRnd3dy53aGF0aXNteWlwLWFkZHJlc3MuY29tJTIyJTNFd2hhdCUyMGlzJTIwbXklMjBpcCUzQyUyRmElM0UlM0MlMkZkaXYlM0UlM0NzdHlsZSUzRS5tYXBvdXRlciU3QnBvc2l0aW9uJTNBcmVsYXRpdmUlM0J0ZXh0LWFsaWduJTNBcmlnaHQlM0JoZWlnaHQlM0E1MDBweCUzQndpZHRoJTNBMTAwJTI1JTNCJTdELmdtYXBfY2FudmFzJTIwJTdCb3ZlcmZsb3clM0FoaWRkZW4lM0JiYWNrZ3JvdW5kJTNBbm9uZSUyMWltcG9ydGFudCUzQmhlaWdodCUzQTUwMHB4JTNCd2lkdGglM0ExMDAlMjUlM0IlN0QlM0MlMkZzdHlsZSUzRSUzQyUyRmRpdiUzRQ==[\/vc_raw_html][\/vc_column][\/vc_row]<\/p>\n","protected":false},"excerpt":{"rendered":"<p>[vc_row padding_top=&#8221;130&#8243; margin_bottom=&#8221;200&#8243; section_id=&#8221;about&#8221;][vc_column width=&#8221;1\/3&#8243; css=&#8221;.vc_custom_1416936142750{border-right-width: 1px !important;padding-right: 3% !important;border-right-color: #e4e4e4 !important;border-right-style: solid !important;}&#8221;][\/vc_column][vc_column width=&#8221;1\/3&#8243; css=&#8221;.vc_custom_1416936414774{border-right-width: 1px !important;padding-right: 3% !important;padding-left: 3% !important;border-right-color: #e4e4e4 !important;border-right-style: solid !important;}&#8221;][\/vc_column][vc_column width=&#8221;1\/3&#8243; css=&#8221;.vc_custom_1416936158860{padding-left: 3% !important;}&#8221;][\/vc_column][\/vc_row][vc_row heading_color=&#8221;light&#8221; bg_type=&#8221;image&#8221; bg_image=&#8221;171&#8243; bg_image_type=&#8221;fixed-bg&#8221; padding_top=&#8221;200&#8243; padding_bottom=&#8221;200&#8243; margin_bottom=&#8221;0&#8243; font_color=&#8221;#ffffff&#8221;][vc_column width=&#8221;1\/2&#8243;][vc_column_text text_style=&#8221;leader-text&#8221; animation=&#8221;fadeInLeft&#8221; animation_delay=&#8221;300&#8243;] CHI SIAMO Sono Alessandro Bovio contadino ed enologo.\u00a0 Dopo\u00a0 15 anni di esperienza [&hellip;]<\/p>\n","protected":false},"author":1,"featured_media":0,"parent":0,"menu_order":0,"comment_status":"open","ping_status":"open","template":"","meta":{"footnotes":""},"class_list":["post-5","page","type-page","status-publish","hentry"],"_links":{"self":[{"href":"https:\/\/lemorebianche.com\/index.php\/wp-json\/wp\/v2\/pages\/5","targetHints":{"allow":["GET"]}}],"collection":[{"href":"https:\/\/lemorebianche.com\/index.php\/wp-json\/wp\/v2\/pages"}],"about":[{"href":"https:\/\/lemorebianche.com\/index.php\/wp-json\/wp\/v2\/types\/page"}],"author":[{"embeddable":true,"href":"https:\/\/lemorebianche.com\/index.php\/wp-json\/wp\/v2\/users\/1"}],"replies":[{"embeddable":true,"href":"https:\/\/lemorebianche.com\/index.php\/wp-json\/wp\/v2\/comments?post=5"}],"version-history":[{"count":32,"href":"https:\/\/lemorebianche.com\/index.php\/wp-json\/wp\/v2\/pages\/5\/revisions"}],"predecessor-version":[{"id":181,"href":"https:\/\/lemorebianche.com\/index.php\/wp-json\/wp\/v2\/pages\/5\/revisions\/181"}],"wp:attachment":[{"href":"https:\/\/lemorebianche.com\/index.php\/wp-json\/wp\/v2\/media?parent=5"}],"curies":[{"name":"wp","href":"https:\/\/api.w.org\/{rel}","templated":true}]}}